{"id":25891,"date":"2026-03-15T18:17:59","date_gmt":"2026-03-15T17:17:59","guid":{"rendered":"https:\/\/www.nologoracing.com\/?post_type=product&#038;p=25891"},"modified":"2026-05-09T17:39:23","modified_gmt":"2026-05-09T15:39:23","slug":"pantalon-racer-france-2026","status":"publish","type":"product","link":"https:\/\/www.nologoracing.com\/en\/product\/pantalon-racer-france-2026\/","title":{"rendered":"Pantalon Racer &#8211; France 2026"},"content":{"rendered":"<p data-start=\"106\" data-end=\"173\">\ud83c\uddeb\ud83c\uddf7 <strong data-start=\"111\" data-end=\"173\">Pantalon BMX \u00c9dition France\u00a0<\/strong><\/p>\n<p data-start=\"175\" data-end=\"334\">Nous lan\u00e7ons une <strong data-start=\"192\" data-end=\"238\">\u00e9dition sp\u00e9ciale aux couleurs de la France<\/strong> pour les jeunes riders qui participeront aux <strong data-start=\"284\" data-end=\"320\">Challenges Europ\u00e9ens et Mondiaux<\/strong> cette saison.<\/p>\n<p data-start=\"696\" data-end=\"827\">\ud83d\udd25 Un pantalon pens\u00e9 pour la performance, aux couleurs de la France, pour repr\u00e9senter fi\u00e8rement votre pays sur la grille de d\u00e9part.<\/p>\n<p data-start=\"829\" data-end=\"907\">\u26a0\ufe0f Quantit\u00e9s limit\u00e9es<\/p>\n","protected":false},"excerpt":{"rendered":"<p>\ud83c\uddeb\ud83c\uddf7 Pantalon BMX \u00c9dition France\u00a0 Nous lan\u00e7ons une \u00e9dition sp\u00e9ciale aux couleurs de la France pour les jeunes riders qui participeront aux Challenges Europ\u00e9ens et Mondiaux cette saison. \ud83d\udd25 Un pantalon pens\u00e9 pour la performance, aux couleurs de la France, pour repr\u00e9senter fi\u00e8rement votre pays sur la grille de d\u00e9part. \u26a0\ufe0f Quantit\u00e9s limit\u00e9es<\/p>\n","protected":false},"featured_media":25902,"comment_status":"open","ping_status":"closed","template":"","meta":{"_acf_changed":false},"product_brand":[],"product_cat":[64,407,51,88],"product_tag":[],"class_list":{"0":"post-25891","1":"product","2":"type-product","3":"status-publish","4":"has-post-thumbnail","6":"product_cat-mx-maillots","7":"product_cat-new","8":"product_cat-bmx-pantalons","9":"product_cat-mtb-pantalons-compact","10":"pa_taille-des-pantalons-a28","11":"pa_taille-des-pantalons-a30","12":"pa_taille-des-pantalons-a32","13":"pa_taille-des-pantalons-a34","14":"pa_taille-des-pantalons-a36","15":"pa_taille-des-pantalons-y22-6-8-ans-years","16":"pa_taille-des-pantalons-y24-8-10-ans-years","17":"pa_taille-des-pantalons-y26-10-12-ans-years","18":"pa_taille-des-pantalons-y28-12-14-ans-years","19":"pa_taille-des-pantalons-y30-14-16-ans-years","21":"first","22":"instock","23":"taxable","24":"shipping-taxable","25":"purchasable","26":"product-type-variable"},"supplier_id":null,"supplier_sku":"","barcode":null,"atum_controlled":true,"out_stock_date":null,"out_stock_threshold":null,"inheritable":true,"inbound_stock":0,"stock_on_hold":0,"sold_today":0,"sales_last_days":0,"reserved_stock":0,"customer_returns":0,"warehouse_damage":0,"lost_in_post":0,"other_logs":0,"out_stock_days":null,"lost_sales":0,"has_location":false,"update_date":"2026-05-12T06:09:46","atum_locations":[],"atum_stock_status":"instock","restock_status":false,"low_stock_amount":"","sales_update_date":"2026-03-21T08:47:27","calc_backorders":null,"acf":[],"yoast_head":"<!-- This site is optimized with the Yoast SEO plugin v27.5 - https:\/\/yoast.com\/product\/yoast-seo-wordpress\/ -->\n<title>Pantalon Racer - France 2026 - NOLOGO RACING<\/title>\n<meta name=\"description\" content=\"\ud83c\uddeb\ud83c\uddf7 Pantalon BMX \u00c9dition France \u2013 Challenge Europ\u00e9en &amp; MondialNous lan\u00e7ons une \u00e9dition sp\u00e9ciale aux couleurs de la France pour les jeunes riders qui participeront aux Challenges Europ\u00e9ens et Mondiaux cette saison.\" \/>\n<meta name=\"robots\" content=\"index, follow, max-snippet:-1, max-image-preview:large, max-video-preview:-1\" \/>\n<link rel=\"canonical\" href=\"https:\/\/www.nologoracing.com\/en\/product\/pantalon-racer-france-2026\/\" \/>\n<meta property=\"og:locale\" content=\"en_US\" \/>\n<meta property=\"og:type\" content=\"article\" \/>\n<meta property=\"og:title\" content=\"Pantalon Racer - France 2026 - NOLOGO RACING\" \/>\n<meta property=\"og:description\" content=\"\ud83c\uddeb\ud83c\uddf7 Pantalon BMX \u00c9dition France \u2013 Challenge Europ\u00e9en &amp; MondialNous lan\u00e7ons une \u00e9dition sp\u00e9ciale aux couleurs de la France pour les jeunes riders qui participeront aux Challenges Europ\u00e9ens et Mondiaux cette saison.\" \/>\n<meta property=\"og:url\" content=\"https:\/\/www.nologoracing.com\/en\/product\/pantalon-racer-france-2026\/\" \/>\n<meta property=\"og:site_name\" content=\"NOLOGO RACING\" \/>\n<meta property=\"article:modified_time\" content=\"2026-05-09T15:39:23+00:00\" \/>\n<meta property=\"og:image\" content=\"https:\/\/www.nologoracing.com\/wp-content\/uploads\/2026\/03\/a8c96b60-ceea-4fdb-8486-1c6b2662f9dd.jpg\" \/>\n\t<meta property=\"og:image:width\" content=\"1059\" \/>\n\t<meta property=\"og:image:height\" content=\"1600\" \/>\n\t<meta property=\"og:image:type\" content=\"image\/jpeg\" \/>\n<meta name=\"twitter:card\" content=\"summary_large_image\" \/>\n<meta name=\"twitter:label1\" content=\"Est. reading time\" \/>\n\t<meta name=\"twitter:data1\" content=\"1 minute\" \/>\n<script type=\"application\/ld+json\" class=\"yoast-schema-graph\">{\"@context\":\"https:\\\/\\\/schema.org\",\"@graph\":[{\"@type\":\"WebPage\",\"@id\":\"https:\\\/\\\/www.nologoracing.com\\\/en\\\/product\\\/pantalon-racer-france-2026\\\/\",\"url\":\"https:\\\/\\\/www.nologoracing.com\\\/en\\\/product\\\/pantalon-racer-france-2026\\\/\",\"name\":\"Pantalon Racer - France 2026 - NOLOGO RACING\",\"isPartOf\":{\"@id\":\"https:\\\/\\\/www.nologoracing.com\\\/en\\\/#website\"},\"primaryImageOfPage\":{\"@id\":\"https:\\\/\\\/www.nologoracing.com\\\/en\\\/product\\\/pantalon-racer-france-2026\\\/#primaryimage\"},\"image\":{\"@id\":\"https:\\\/\\\/www.nologoracing.com\\\/en\\\/product\\\/pantalon-racer-france-2026\\\/#primaryimage\"},\"thumbnailUrl\":\"https:\\\/\\\/www.nologoracing.com\\\/wp-content\\\/uploads\\\/2026\\\/03\\\/a8c96b60-ceea-4fdb-8486-1c6b2662f9dd.jpg\",\"datePublished\":\"2026-03-15T17:17:59+00:00\",\"dateModified\":\"2026-05-09T15:39:23+00:00\",\"description\":\"\ud83c\uddeb\ud83c\uddf7 Pantalon BMX \u00c9dition France \u2013 Challenge Europ\u00e9en & MondialNous lan\u00e7ons une \u00e9dition sp\u00e9ciale aux couleurs de la France pour les jeunes riders qui participeront aux Challenges Europ\u00e9ens et Mondiaux cette saison.\",\"breadcrumb\":{\"@id\":\"https:\\\/\\\/www.nologoracing.com\\\/en\\\/product\\\/pantalon-racer-france-2026\\\/#breadcrumb\"},\"inLanguage\":\"en-US\",\"potentialAction\":[{\"@type\":\"ReadAction\",\"target\":[\"https:\\\/\\\/www.nologoracing.com\\\/en\\\/product\\\/pantalon-racer-france-2026\\\/\"]}]},{\"@type\":\"ImageObject\",\"inLanguage\":\"en-US\",\"@id\":\"https:\\\/\\\/www.nologoracing.com\\\/en\\\/product\\\/pantalon-racer-france-2026\\\/#primaryimage\",\"url\":\"https:\\\/\\\/www.nologoracing.com\\\/wp-content\\\/uploads\\\/2026\\\/03\\\/a8c96b60-ceea-4fdb-8486-1c6b2662f9dd.jpg\",\"contentUrl\":\"https:\\\/\\\/www.nologoracing.com\\\/wp-content\\\/uploads\\\/2026\\\/03\\\/a8c96b60-ceea-4fdb-8486-1c6b2662f9dd.jpg\",\"width\":1059,\"height\":1600},{\"@type\":\"BreadcrumbList\",\"@id\":\"https:\\\/\\\/www.nologoracing.com\\\/en\\\/product\\\/pantalon-racer-france-2026\\\/#breadcrumb\",\"itemListElement\":[{\"@type\":\"ListItem\",\"position\":1,\"name\":\"Accueil\",\"item\":\"https:\\\/\\\/www.nologoracing.com\\\/en\\\/\"},{\"@type\":\"ListItem\",\"position\":2,\"name\":\"Shop\",\"item\":\"https:\\\/\\\/www.nologoracing.com\\\/en\\\/shop-2\\\/\"},{\"@type\":\"ListItem\",\"position\":3,\"name\":\"Pantalon Racer &#8211; France 2026\"}]},{\"@type\":\"WebSite\",\"@id\":\"https:\\\/\\\/www.nologoracing.com\\\/en\\\/#website\",\"url\":\"https:\\\/\\\/www.nologoracing.com\\\/en\\\/\",\"name\":\"NOLOGO RACING\",\"description\":\"Site officiel de la marque NOLOGO\",\"publisher\":{\"@id\":\"https:\\\/\\\/www.nologoracing.com\\\/en\\\/#organization\"},\"potentialAction\":[{\"@type\":\"SearchAction\",\"target\":{\"@type\":\"EntryPoint\",\"urlTemplate\":\"https:\\\/\\\/www.nologoracing.com\\\/en\\\/?s={search_term_string}\"},\"query-input\":{\"@type\":\"PropertyValueSpecification\",\"valueRequired\":true,\"valueName\":\"search_term_string\"}}],\"inLanguage\":\"en-US\"},{\"@type\":\"Organization\",\"@id\":\"https:\\\/\\\/www.nologoracing.com\\\/en\\\/#organization\",\"name\":\"NOLOGO RACING\",\"url\":\"https:\\\/\\\/www.nologoracing.com\\\/en\\\/\",\"logo\":{\"@type\":\"ImageObject\",\"inLanguage\":\"en-US\",\"@id\":\"https:\\\/\\\/www.nologoracing.com\\\/en\\\/#\\\/schema\\\/logo\\\/image\\\/\",\"url\":\"https:\\\/\\\/www.nologoracing.com\\\/wp-content\\\/uploads\\\/2021\\\/04\\\/nlg-1-1.jpg\",\"contentUrl\":\"https:\\\/\\\/www.nologoracing.com\\\/wp-content\\\/uploads\\\/2021\\\/04\\\/nlg-1-1.jpg\",\"width\":560,\"height\":388,\"caption\":\"NOLOGO RACING\"},\"image\":{\"@id\":\"https:\\\/\\\/www.nologoracing.com\\\/en\\\/#\\\/schema\\\/logo\\\/image\\\/\"}}]}<\/script>\n<!-- \/ Yoast SEO plugin. -->","yoast_head_json":{"title":"Pantalon Racer - France 2026 - NOLOGO RACING","description":"\ud83c\uddeb\ud83c\uddf7 Pantalon BMX \u00c9dition France \u2013 Challenge Europ\u00e9en & MondialNous lan\u00e7ons une \u00e9dition sp\u00e9ciale aux couleurs de la France pour les jeunes riders qui participeront aux Challenges Europ\u00e9ens et Mondiaux cette saison.","robots":{"index":"index","follow":"follow","max-snippet":"max-snippet:-1","max-image-preview":"max-image-preview:large","max-video-preview":"max-video-preview:-1"},"canonical":"https:\/\/www.nologoracing.com\/en\/product\/pantalon-racer-france-2026\/","og_locale":"en_US","og_type":"article","og_title":"Pantalon Racer - France 2026 - NOLOGO RACING","og_description":"\ud83c\uddeb\ud83c\uddf7 Pantalon BMX \u00c9dition France \u2013 Challenge Europ\u00e9en & MondialNous lan\u00e7ons une \u00e9dition sp\u00e9ciale aux couleurs de la France pour les jeunes riders qui participeront aux Challenges Europ\u00e9ens et Mondiaux cette saison.","og_url":"https:\/\/www.nologoracing.com\/en\/product\/pantalon-racer-france-2026\/","og_site_name":"NOLOGO RACING","article_modified_time":"2026-05-09T15:39:23+00:00","og_image":[{"width":1059,"height":1600,"url":"https:\/\/www.nologoracing.com\/wp-content\/uploads\/2026\/03\/a8c96b60-ceea-4fdb-8486-1c6b2662f9dd.jpg","type":"image\/jpeg"}],"twitter_card":"summary_large_image","twitter_misc":{"Est. reading time":"1 minute"},"schema":{"@context":"https:\/\/schema.org","@graph":[{"@type":"WebPage","@id":"https:\/\/www.nologoracing.com\/en\/product\/pantalon-racer-france-2026\/","url":"https:\/\/www.nologoracing.com\/en\/product\/pantalon-racer-france-2026\/","name":"Pantalon Racer - France 2026 - NOLOGO RACING","isPartOf":{"@id":"https:\/\/www.nologoracing.com\/en\/#website"},"primaryImageOfPage":{"@id":"https:\/\/www.nologoracing.com\/en\/product\/pantalon-racer-france-2026\/#primaryimage"},"image":{"@id":"https:\/\/www.nologoracing.com\/en\/product\/pantalon-racer-france-2026\/#primaryimage"},"thumbnailUrl":"https:\/\/www.nologoracing.com\/wp-content\/uploads\/2026\/03\/a8c96b60-ceea-4fdb-8486-1c6b2662f9dd.jpg","datePublished":"2026-03-15T17:17:59+00:00","dateModified":"2026-05-09T15:39:23+00:00","description":"\ud83c\uddeb\ud83c\uddf7 Pantalon BMX \u00c9dition France \u2013 Challenge Europ\u00e9en & MondialNous lan\u00e7ons une \u00e9dition sp\u00e9ciale aux couleurs de la France pour les jeunes riders qui participeront aux Challenges Europ\u00e9ens et Mondiaux cette saison.","breadcrumb":{"@id":"https:\/\/www.nologoracing.com\/en\/product\/pantalon-racer-france-2026\/#breadcrumb"},"inLanguage":"en-US","potentialAction":[{"@type":"ReadAction","target":["https:\/\/www.nologoracing.com\/en\/product\/pantalon-racer-france-2026\/"]}]},{"@type":"ImageObject","inLanguage":"en-US","@id":"https:\/\/www.nologoracing.com\/en\/product\/pantalon-racer-france-2026\/#primaryimage","url":"https:\/\/www.nologoracing.com\/wp-content\/uploads\/2026\/03\/a8c96b60-ceea-4fdb-8486-1c6b2662f9dd.jpg","contentUrl":"https:\/\/www.nologoracing.com\/wp-content\/uploads\/2026\/03\/a8c96b60-ceea-4fdb-8486-1c6b2662f9dd.jpg","width":1059,"height":1600},{"@type":"BreadcrumbList","@id":"https:\/\/www.nologoracing.com\/en\/product\/pantalon-racer-france-2026\/#breadcrumb","itemListElement":[{"@type":"ListItem","position":1,"name":"Accueil","item":"https:\/\/www.nologoracing.com\/en\/"},{"@type":"ListItem","position":2,"name":"Shop","item":"https:\/\/www.nologoracing.com\/en\/shop-2\/"},{"@type":"ListItem","position":3,"name":"Pantalon Racer &#8211; France 2026"}]},{"@type":"WebSite","@id":"https:\/\/www.nologoracing.com\/en\/#website","url":"https:\/\/www.nologoracing.com\/en\/","name":"NOLOGO RACING","description":"Site officiel de la marque NOLOGO","publisher":{"@id":"https:\/\/www.nologoracing.com\/en\/#organization"},"potentialAction":[{"@type":"SearchAction","target":{"@type":"EntryPoint","urlTemplate":"https:\/\/www.nologoracing.com\/en\/?s={search_term_string}"},"query-input":{"@type":"PropertyValueSpecification","valueRequired":true,"valueName":"search_term_string"}}],"inLanguage":"en-US"},{"@type":"Organization","@id":"https:\/\/www.nologoracing.com\/en\/#organization","name":"NOLOGO RACING","url":"https:\/\/www.nologoracing.com\/en\/","logo":{"@type":"ImageObject","inLanguage":"en-US","@id":"https:\/\/www.nologoracing.com\/en\/#\/schema\/logo\/image\/","url":"https:\/\/www.nologoracing.com\/wp-content\/uploads\/2021\/04\/nlg-1-1.jpg","contentUrl":"https:\/\/www.nologoracing.com\/wp-content\/uploads\/2021\/04\/nlg-1-1.jpg","width":560,"height":388,"caption":"NOLOGO RACING"},"image":{"@id":"https:\/\/www.nologoracing.com\/en\/#\/schema\/logo\/image\/"}}]}},"jetpack_sharing_enabled":true,"_links":{"self":[{"href":"https:\/\/www.nologoracing.com\/en\/wp-json\/wp\/v2\/product\/25891","targetHints":{"allow":["GET"]}}],"collection":[{"href":"https:\/\/www.nologoracing.com\/en\/wp-json\/wp\/v2\/product"}],"about":[{"href":"https:\/\/www.nologoracing.com\/en\/wp-json\/wp\/v2\/types\/product"}],"replies":[{"embeddable":true,"href":"https:\/\/www.nologoracing.com\/en\/wp-json\/wp\/v2\/comments?post=25891"}],"version-history":[{"count":0,"href":"https:\/\/www.nologoracing.com\/en\/wp-json\/wp\/v2\/product\/25891\/revisions"}],"wp:featuredmedia":[{"embeddable":true,"href":"https:\/\/www.nologoracing.com\/en\/wp-json\/wp\/v2\/media\/25902"}],"wp:attachment":[{"href":"https:\/\/www.nologoracing.com\/en\/wp-json\/wp\/v2\/media?parent=25891"}],"wp:term":[{"taxonomy":"product_brand","embeddable":true,"href":"https:\/\/www.nologoracing.com\/en\/wp-json\/wp\/v2\/product_brand?post=25891"},{"taxonomy":"product_cat","embeddable":true,"href":"https:\/\/www.nologoracing.com\/en\/wp-json\/wp\/v2\/product_cat?post=25891"},{"taxonomy":"product_tag","embeddable":true,"href":"https:\/\/www.nologoracing.com\/en\/wp-json\/wp\/v2\/product_tag?post=25891"}],"curies":[{"name":"wp","href":"https:\/\/api.w.org\/{rel}","templated":true}]}}